{"id":569,"date":"2017-12-20T13:44:13","date_gmt":"2017-12-20T13:44:13","guid":{"rendered":"http:\/\/www.csppke.sk\/sk\/?page_id=569"},"modified":"2022-02-01T16:49:50","modified_gmt":"2022-02-01T15:49:50","slug":"pre-vas","status":"publish","type":"page","link":"https:\/\/www.csppke.sk\/sk\/pre-vas\/","title":{"rendered":"Pre V\u00e1s"},"content":{"rendered":"<div id=\"dslc-theme-content\"><div id=\"dslc-theme-content-inner\"><h2>Obsah<\/h2>\n<ul>\n<li><a href=\"#moja_vlastna_kniha\">\u201eMoja vlastn\u00e1 kniha\u201c<\/a><\/li>\n<li><a href=\"#im_o\">I&#8217;m O<\/li>\n<\/ul>\n<h2 id=\"moja_vlastna_kniha\">\u201eMoja vlastn\u00e1 kniha\u201c<\/h2>\n\n\t\t<style type=\"text\/css\">\n\t\t\t#gallery-1 {\n\t\t\t\tmargin: auto;\n\t\t\t}\n\t\t\t#gallery-1 .gallery-item {\n\t\t\t\tfloat: left;\n\t\t\t\tmargin-top: 10px;\n\t\t\t\ttext-align: center;\n\t\t\t\twidth: 33%;\n\t\t\t}\n\t\t\t#gallery-1 img {\n\t\t\t\tborder: 2px solid #cfcfcf;\n\t\t\t}\n\t\t\t#gallery-1 .gallery-caption {\n\t\t\t\tmargin-left: 0;\n\t\t\t}\n\t\t\t\/* see gallery_shortcode() in wp-includes\/media.php *\/\n\t\t<\/style>\n\t\t<div id='gallery-1' class='gallery galleryid-569 gallery-columns-3 gallery-size-thumbnail'><dl class='gallery-item'>\n\t\t\t<dt class='gallery-icon portrait'>\n\t\t\t\t<a href='https:\/\/www.csppke.sk\/sk\/wp-content\/uploads\/publikacia.jpg'><img loading=\"lazy\" decoding=\"async\" width=\"150\" height=\"150\" src=\"https:\/\/www.csppke.sk\/sk\/wp-content\/uploads\/publikacia-150x150.jpg\" class=\"attachment-thumbnail size-thumbnail\" alt=\"\" \/><\/a>\n\t\t\t<\/dt><\/dl><dl class='gallery-item'>\n\t\t\t<dt class='gallery-icon landscape'>\n\t\t\t\t<a href='https:\/\/www.csppke.sk\/sk\/wp-content\/uploads\/pootvorena-publikacia.jpg'><img loading=\"lazy\" decoding=\"async\" width=\"150\" height=\"150\" src=\"https:\/\/www.csppke.sk\/sk\/wp-content\/uploads\/pootvorena-publikacia-150x150.jpg\" class=\"attachment-thumbnail size-thumbnail\" alt=\"\" \/><\/a>\n\t\t\t<\/dt><\/dl><dl class='gallery-item'>\n\t\t\t<dt class='gallery-icon landscape'>\n\t\t\t\t<a href='https:\/\/www.csppke.sk\/sk\/wp-content\/uploads\/otvorena-publikacia.jpg'><img loading=\"lazy\" decoding=\"async\" width=\"150\" height=\"150\" src=\"https:\/\/www.csppke.sk\/sk\/wp-content\/uploads\/otvorena-publikacia-150x150.jpg\" class=\"attachment-thumbnail size-thumbnail\" alt=\"\" \/><\/a>\n\t\t\t<\/dt><\/dl><br style=\"clear: both\" \/>\n\t\t<\/div>\n\n<p>autorka: <strong>Viera Pamulov\u00e1<\/strong><\/p>\n<p><strong>Dokumenty ku knihe:<\/strong><\/p>\n<ul>\n<li><a href=\"https:\/\/www.csppke.sk\/sk\/wp-content\/uploads\/o-knihe-Moja-vlastna-kniha.docx\">o knihe<\/a> (dokument .docx)<\/li>\n<li><a href=\"https:\/\/www.csppke.sk\/sk\/wp-content\/uploads\/manual-ku-knihe-Moja-vlastna-kniha.docx\">manual ku knihe<\/a>   <\/li>\n<li><a href=\"https:\/\/www.csppke.sk\/sk\/wp-content\/uploads\/odporucacia_dolozka_MS.pdf\">odpor\u00fa\u010dacia dolo\u017eka ministerstvom SR<\/a><\/li>\n<\/ul>\n<p><strong>Kontakt:<\/strong><\/p>\n<ul>\n<li>tel. \u010d\u00edslo: <a href=\"tel:+421904741822\">0904 741 822<\/a><\/li>\n<li>E-mail: <a href=\"mailto:vierapamulova@gmail.com\">vierapamulova@gmail.com<\/a><\/li>\n<li>Facebook: <a href=\"https:\/\/www.facebook.com\/space.spirit.soul\" target=\"_blank\" rel=\"noopener\">Pocitov\u00fd dizajn &#8211; sensational design<\/a><\/li>\n<li>Instagram: <a href=\"https:\/\/www.instagram.com\/feeling_design_poetry\/\" target=\"_blank\" rel=\"noopener\">@feeling_design_poetry<\/a><\/li>\n<\/ul>\n<h2 id=\"im_o\">I&#8217;m O<\/h2>\n<ul>\n<li><a href=\"https:\/\/www.csppke.sk\/sk\/wp-content\/uploads\/Imo_prezentacia.pdf\" target=\"_blank\" rel=\"noopener\">I&#8217;m O prezent\u00e1cia (PDF dokument)<\/a><\/li>\n<li><a href=\"https:\/\/www.csppke.sk\/sk\/wp-content\/uploads\/ImO_prezentacia.pptx\" target=\"_blank>I&#8217;m O prezent\u00e1cia (PPTX dokument)<\/a><\/li>\n<\/ul>\n<p>V pr\u00edpade z\u00e1ujmu p\u00ed\u0161te-volajte: <a href=\"mailto:imo@imo.sr\">imo@imo.sr<\/a>, <a href=\"tel:+421903 838136\">0903 838 136<\/a>.<\/p>\n<p><img loading=\"lazy\" decoding=\"async\" src=\"https:\/\/www.csppke.sk\/sk\/wp-content\/uploads\/partner_projektu_pre_imo.png\" alt=\"\" width=\"601\" height=\"423\" class=\"alignnone size-full wp-image-1616\" srcset=\"https:\/\/www.csppke.sk\/sk\/wp-content\/uploads\/partner_projektu_pre_imo.png 601w, https:\/\/www.csppke.sk\/sk\/wp-content\/uploads\/partner_projektu_pre_imo-360x253.png 360w\" sizes=\"auto, (max-width: 601px) 100vw, 601px\" \/><\/p>\n<\/div><\/div>","protected":false},"excerpt":{"rendered":"<p>Obsah \u201eMoja vlastn\u00e1 kniha\u201c I&#8217;m O \u201eMoja vlastn\u00e1 kniha\u201c autorka: Viera Pamulov\u00e1 Dokumenty ku knihe: o knihe (dokument .docx) manual ku knihe odpor\u00fa\u010dacia dolo\u017eka ministerstvom SR Kontakt: tel. \u010d\u00edslo: 0904 741 822 E-mail: vierapamulova@gmail.com Facebook: Pocitov\u00fd dizajn &#8211; sensational design Instagram: @feeling_design_poetry I&#8217;m O I&#8217;m O prezent\u00e1cia (PDF dokument)<\/p>\n","protected":false},"author":1,"featured_media":0,"parent":0,"menu_order":0,"comment_status":"closed","ping_status":"closed","template":"","meta":{"footnotes":""},"class_list":["post-569","page","type-page","status-publish","hentry"],"acf":[],"_links":{"self":[{"href":"https:\/\/www.csppke.sk\/sk\/wp-json\/wp\/v2\/pages\/569","targetHints":{"allow":["GET"]}}],"collection":[{"href":"https:\/\/www.csppke.sk\/sk\/wp-json\/wp\/v2\/pages"}],"about":[{"href":"https:\/\/www.csppke.sk\/sk\/wp-json\/wp\/v2\/types\/page"}],"author":[{"embeddable":true,"href":"https:\/\/www.csppke.sk\/sk\/wp-json\/wp\/v2\/users\/1"}],"replies":[{"embeddable":true,"href":"https:\/\/www.csppke.sk\/sk\/wp-json\/wp\/v2\/comments?post=569"}],"version-history":[{"count":13,"href":"https:\/\/www.csppke.sk\/sk\/wp-json\/wp\/v2\/pages\/569\/revisions"}],"predecessor-version":[{"id":1617,"href":"https:\/\/www.csppke.sk\/sk\/wp-json\/wp\/v2\/pages\/569\/revisions\/1617"}],"wp:attachment":[{"href":"https:\/\/www.csppke.sk\/sk\/wp-json\/wp\/v2\/media?parent=569"}],"curies":[{"name":"wp","href":"https:\/\/api.w.org\/{rel}","templated":true}]}}