{"id":392,"date":"2017-08-25T13:09:40","date_gmt":"2017-08-25T13:09:40","guid":{"rendered":"http:\/\/www.csppke.sk\/sk\/?page_id=392"},"modified":"2021-12-03T11:48:46","modified_gmt":"2021-12-03T10:48:46","slug":"o-nas","status":"publish","type":"page","link":"https:\/\/www.csppke.sk\/sk\/o-nas\/","title":{"rendered":"O n\u00e1s"},"content":{"rendered":"<div id=\"dslc-theme-content\"><div id=\"dslc-theme-content-inner\"><div class=\"entry clearfix\">\n<p>Centrum \u0161peci\u00e1lno \u2013 pedagogick\u00e9ho poradenstva Bocatiova 1 v Ko\u0161iciach (C\u0160PP) za\u010dalo svoju \u010dinnos\u0165 20. m\u00e1ja 2005.<br \/>\nZria\u010fovate\u013eom je Krajsk\u00fd \u0161kolsk\u00fd \u00farad v Ko\u0161iciach, ktor\u00fd si vyt\u00fd\u010dil vysok\u00fd, ale ve\u013emi hum\u00e1nny cie\u013e.<br \/>\n<strong>Zriadenie \u0161pi\u010dkov\u00e9ho, vysoko profesion\u00e1lneho pracoviska na pomoc hendikepovan\u00fdm de\u0165om a ich rodin\u00e1m.<\/strong><br \/>\n\u201eIntegr\u00e1cia je proces \u013eudskosti a odbornosti, teda mala by to by\u0165 spolupr\u00e1ca srdca a rozumu.\u201c<\/p>\n<p><strong>C\u0160PP<\/strong> ako \u0161kolsk\u00e9 zariadenie v\u00fdchovn\u00e9ho poradenstva a prevencie predstavuje multidisciplin\u00e1rny a viacrezortne charakterizovan\u00fd komplexn\u00fd poradensk\u00fd servis pre deti pred\u0161kolsk\u00e9ho veku a\u017e po ml\u00e1de\u017e ukon\u010duj\u00facu pr\u00edpravu na povolanie. Na\u0161imi klientmi s\u00fa deti a ml\u00e1de\u017e so \u0161peci\u00e1lnymi v\u00fdchovno \u2013 vzdel\u00e1vac\u00edmi potrebami.<\/p>\n<p>Na\u0161i klienti maj\u00fa dnes mo\u017enos\u0165 v r\u00e1mci uspokojovania svojich \u0161pecifick\u00fdch potrieb vyu\u017e\u00edva\u0165 slu\u017eby odborn\u00edkov, ktor\u00e9 s\u00fa prirodzen\u00fdm spojen\u00edm medzi \u0161peci\u00e1lnou a be\u017enou \u0161kolou, zdravotn\u00edctvom a ka\u017edodenn\u00fdm \u017eivotom.<\/p>\n<p>Sme zariadenie \u0161peci\u00e1lno-pedagogick\u00e9ho poradenstva zriaden\u00e9 na z\u00e1klade zria\u010fovacej listiny \u010d.sekr.2001\/03322 zo d\u0148a 15.5.2001 a Dodatkom \u010d.2 -rozhodnut\u00edm M\u0160 SR CD-2004-11434\/24439-2:09\/\u0160PP a CD-2004-13808\/24436-1:09\/\u0160PP v s\u00falade so z\u00e1konom \u010d.279\/1993 Z.z.o \u0161kolsk\u00fdch zariadeniach v znen\u00ed neskor\u0161\u00edch predpisov.\n<\/p><\/div>\n<hr style=\"border-style:dotted\">\n<p style=\"margin-top:2em\">\n<img loading=\"lazy\" decoding=\"async\" src=\"https:\/\/www.csppke.sk\/sk\/wp-content\/uploads\/kosice-logo-360x104.png\" alt=\"\" width=\"180\" height=\"52\" class=\"alignnone size-medium wp-image-1602\" style=\"float:left\" srcset=\"https:\/\/www.csppke.sk\/sk\/wp-content\/uploads\/kosice-logo-360x104.png 360w, https:\/\/www.csppke.sk\/sk\/wp-content\/uploads\/kosice-logo-768x221.png 768w, https:\/\/www.csppke.sk\/sk\/wp-content\/uploads\/kosice-logo.png 1009w\" sizes=\"auto, (max-width: 180px) 100vw, 180px\" \/>Centrum \u0161peci\u00e1lno-pedagogick\u00e9ho poradenstva, Bocatiova 1, Ko\u0161ice realizovalo projekt s n\u00e1zvom \u201ePrevent\u00edvnou skupinovou \u010dinnos\u0165ou za lep\u0161iu bud\u00facnos\u0165 na\u0161ich det\u00ed\u201c v\u010faka finan\u010dnej podpore Fondu zdravia mesta Ko\u0161ice, neinvesti\u010dn\u00e9ho fondu.<br \/>\nProjekt bol realizovan\u00fd od 2.8.2021 do 26.11.2021 v zmysle Grantov\u00e9ho programu na rok 2021.<\/p>\n<\/div><\/div>","protected":false},"excerpt":{"rendered":"<p>Centrum \u0161peci\u00e1lno \u2013 pedagogick\u00e9ho poradenstva Bocatiova 1 v Ko\u0161iciach (C\u0160PP) za\u010dalo svoju \u010dinnos\u0165 20. m\u00e1ja 2005. Zria\u010fovate\u013eom je Krajsk\u00fd \u0161kolsk\u00fd \u00farad v Ko\u0161iciach, ktor\u00fd si vyt\u00fd\u010dil vysok\u00fd, ale ve\u013emi hum\u00e1nny cie\u013e. Zriadenie \u0161pi\u010dkov\u00e9ho, vysoko profesion\u00e1lneho pracoviska na pomoc hendikepovan\u00fdm de\u0165om a ich rodin\u00e1m. \u201eIntegr\u00e1cia je proces \u013eudskosti a odbornosti, teda mala by to by\u0165 spolupr\u00e1ca<\/p>\n","protected":false},"author":1,"featured_media":0,"parent":0,"menu_order":0,"comment_status":"closed","ping_status":"closed","template":"","meta":{"footnotes":""},"class_list":["post-392","page","type-page","status-publish","hentry"],"acf":[],"_links":{"self":[{"href":"https:\/\/www.csppke.sk\/sk\/wp-json\/wp\/v2\/pages\/392","targetHints":{"allow":["GET"]}}],"collection":[{"href":"https:\/\/www.csppke.sk\/sk\/wp-json\/wp\/v2\/pages"}],"about":[{"href":"https:\/\/www.csppke.sk\/sk\/wp-json\/wp\/v2\/types\/page"}],"author":[{"embeddable":true,"href":"https:\/\/www.csppke.sk\/sk\/wp-json\/wp\/v2\/users\/1"}],"replies":[{"embeddable":true,"href":"https:\/\/www.csppke.sk\/sk\/wp-json\/wp\/v2\/comments?post=392"}],"version-history":[{"count":24,"href":"https:\/\/www.csppke.sk\/sk\/wp-json\/wp\/v2\/pages\/392\/revisions"}],"predecessor-version":[{"id":1608,"href":"https:\/\/www.csppke.sk\/sk\/wp-json\/wp\/v2\/pages\/392\/revisions\/1608"}],"wp:attachment":[{"href":"https:\/\/www.csppke.sk\/sk\/wp-json\/wp\/v2\/media?parent=392"}],"curies":[{"name":"wp","href":"https:\/\/api.w.org\/{rel}","templated":true}]}}