{"id":11,"date":"2016-03-16T12:15:57","date_gmt":"2016-03-16T12:15:57","guid":{"rendered":"http:\/\/csppke.sk\/sk\/?page_id=11"},"modified":"2017-08-28T08:05:40","modified_gmt":"2017-08-28T08:05:40","slug":"pre-rodicov","status":"publish","type":"page","link":"https:\/\/www.csppke.sk\/sk\/pre-rodicov\/","title":{"rendered":"Rodi\u010dom"},"content":{"rendered":"<div id=\"dslc-theme-content\"><div id=\"dslc-theme-content-inner\"><p><strong>Ak sa v\u00e1m zd\u00e1, \u017ee Va\u0161e die\u0165a v \u0161kole:<\/strong><\/p>\n<ul>\n<li>zaost\u00e1va za spolu\u017eiakmi,<\/li>\n<li>nest\u00edha s u\u010den\u00edm a m\u00e1 pomal\u0161ie pracovn\u00e9 tempo,<\/li>\n<li>m\u00e1 probl\u00e9my v pozornosti,<\/li>\n<li>neobsed\u00ed pri \u00faloh\u00e1ch,<\/li>\n<li>nedokon\u010d\u00ed \u00falohy,<\/li>\n<li>p\u00ed\u0161e p\u00edsmen\u00e1 a \u010d\u00edslice naopak,<\/li>\n<li>m\u00e1 \u0165a\u017ekosti s \u010d\u00edtan\u00edm a pri p\u00edsan\u00ed dikt\u00e1tov,<\/li>\n<li>venuje pr\u00edprave na vyu\u010dovanie pr\u00edli\u0161 ve\u013ea \u010dasu a v\u00fdsledok je predsa len neuspokojiv\u00fd,<\/li>\n<li>ak vy u\u017e neviete, ako mu pom\u00f4c\u0165,<\/li>\n<\/ul>\n<p><strong>kontaktujte sa s odborn\u00edkmi v na\u0161om centre.<\/strong><\/p>\n<\/div><\/div>","protected":false},"excerpt":{"rendered":"<p>Ak sa v\u00e1m zd\u00e1, \u017ee Va\u0161e die\u0165a v \u0161kole: zaost\u00e1va za spolu\u017eiakmi, nest\u00edha s u\u010den\u00edm a m\u00e1 pomal\u0161ie pracovn\u00e9 tempo, m\u00e1 probl\u00e9my v pozornosti, neobsed\u00ed pri \u00faloh\u00e1ch, nedokon\u010d\u00ed \u00falohy, p\u00ed\u0161e p\u00edsmen\u00e1 a \u010d\u00edslice naopak, m\u00e1 \u0165a\u017ekosti s \u010d\u00edtan\u00edm a pri p\u00edsan\u00ed dikt\u00e1tov, venuje pr\u00edprave na vyu\u010dovanie pr\u00edli\u0161 ve\u013ea \u010dasu a v\u00fdsledok je predsa len neuspokojiv\u00fd,<\/p>\n","protected":false},"author":1,"featured_media":0,"parent":0,"menu_order":0,"comment_status":"closed","ping_status":"closed","template":"","meta":{"footnotes":""},"class_list":["post-11","page","type-page","status-publish","hentry"],"acf":[],"_links":{"self":[{"href":"https:\/\/www.csppke.sk\/sk\/wp-json\/wp\/v2\/pages\/11","targetHints":{"allow":["GET"]}}],"collection":[{"href":"https:\/\/www.csppke.sk\/sk\/wp-json\/wp\/v2\/pages"}],"about":[{"href":"https:\/\/www.csppke.sk\/sk\/wp-json\/wp\/v2\/types\/page"}],"author":[{"embeddable":true,"href":"https:\/\/www.csppke.sk\/sk\/wp-json\/wp\/v2\/users\/1"}],"replies":[{"embeddable":true,"href":"https:\/\/www.csppke.sk\/sk\/wp-json\/wp\/v2\/comments?post=11"}],"version-history":[{"count":3,"href":"https:\/\/www.csppke.sk\/sk\/wp-json\/wp\/v2\/pages\/11\/revisions"}],"predecessor-version":[{"id":417,"href":"https:\/\/www.csppke.sk\/sk\/wp-json\/wp\/v2\/pages\/11\/revisions\/417"}],"wp:attachment":[{"href":"https:\/\/www.csppke.sk\/sk\/wp-json\/wp\/v2\/media?parent=11"}],"curies":[{"name":"wp","href":"https:\/\/api.w.org\/{rel}","templated":true}]}}